{"id":457,"date":"2022-07-03T17:48:27","date_gmt":"2022-07-03T17:48:27","guid":{"rendered":"https:\/\/psychiatrielernen.de\/?page_id=457"},"modified":"2022-07-03T17:48:27","modified_gmt":"2022-07-03T17:48:27","slug":"inhaltsverzeichnis","status":"publish","type":"page","link":"https:\/\/psychiatrielernen.de\/index.php\/inhaltsverzeichnis\/","title":{"rendered":"Inhaltsverzeichnis"},"content":{"rendered":"\n<h1 class=\"has-text-align-center wp-block-heading\">Inhaltsverzeichnis<\/h1>\n\n\n\n<hr class=\"wp-block-separator has-alpha-channel-opacity\"\/>\n\n\n<ul class=\"wp-block-categories-list wp-block-categories\">\t<li class=\"cat-item cat-item-2\"><a href=\"https:\/\/psychiatrielernen.de\/index.php\/category\/anamnese-und-untersuchung\/\">Anamnese und Untersuchung<\/a> (3)\n<ul class='children'>\n\t<li class=\"cat-item cat-item-53\"><a href=\"https:\/\/psychiatrielernen.de\/index.php\/category\/anamnese-und-untersuchung\/anamnese\/\">Anamnese<\/a> (1)\n<\/li>\n\t<li class=\"cat-item cat-item-52\"><a href=\"https:\/\/psychiatrielernen.de\/index.php\/category\/anamnese-und-untersuchung\/koerperliche-untersuchung\/\">K\u00f6rperliche Untersuchung<\/a> (1)\n<\/li>\n\t<li class=\"cat-item cat-item-54\"><a href=\"https:\/\/psychiatrielernen.de\/index.php\/category\/anamnese-und-untersuchung\/psychopathologische-untersuchung\/\">Psychopathologische Untersuchung<\/a> (3)\n<\/li>\n<\/ul>\n<\/li>\n\t<li class=\"cat-item cat-item-117\"><a href=\"https:\/\/psychiatrielernen.de\/index.php\/category\/andere-themen\/\">Andere Themen<\/a> (13)\n<ul class='children'>\n\t<li class=\"cat-item cat-item-7\"><a href=\"https:\/\/psychiatrielernen.de\/index.php\/category\/andere-themen\/diskussion\/\">Diskussion<\/a> (2)\n<\/li>\n\t<li class=\"cat-item cat-item-8\"><a href=\"https:\/\/psychiatrielernen.de\/index.php\/category\/andere-themen\/empfehlungen\/\">Empfehlungen<\/a> (3)\n\t<ul class='children'>\n\t<li class=\"cat-item cat-item-25\"><a href=\"https:\/\/psychiatrielernen.de\/index.php\/category\/andere-themen\/empfehlungen\/auf-englisch\/\">Auf Englisch<\/a> (2)\n<\/li>\n\t<li class=\"cat-item cat-item-11\"><a href=\"https:\/\/psychiatrielernen.de\/index.php\/category\/andere-themen\/empfehlungen\/hilfreiche-websiten\/\">Hilfreiche Websiten<\/a> (2)\n<\/li>\n\t<\/ul>\n<\/li>\n\t<li class=\"cat-item cat-item-9\"><a href=\"https:\/\/psychiatrielernen.de\/index.php\/category\/andere-themen\/facharztweiterbildung\/\">Facharztweiterbildung<\/a> (4)\n<\/li>\n\t<li class=\"cat-item cat-item-10\"><a href=\"https:\/\/psychiatrielernen.de\/index.php\/category\/andere-themen\/fur-patienten\/\">F\u00fcr Patienten<\/a> (3)\n<\/li>\n\t<li class=\"cat-item cat-item-13\"><a href=\"https:\/\/psychiatrielernen.de\/index.php\/category\/andere-themen\/juristische-aspekte\/\">Juristische Aspekte<\/a> (2)\n<\/li>\n<\/ul>\n<\/li>\n\t<li class=\"cat-item cat-item-4\"><a href=\"https:\/\/psychiatrielernen.de\/index.php\/category\/behandlung\/\">Behandlung<\/a> (6)\n<ul class='children'>\n\t<li class=\"cat-item cat-item-17\"><a href=\"https:\/\/psychiatrielernen.de\/index.php\/category\/behandlung\/medikamente\/\">Medikamente<\/a> (4)\n\t<ul class='children'>\n\t<li class=\"cat-item cat-item-22\"><a href=\"https:\/\/psychiatrielernen.de\/index.php\/category\/behandlung\/medikamente\/psychopharmakotherapie\/\">Psychopharmakotherapie<\/a> (4)\n\t\t<ul class='children'>\n\t<li class=\"cat-item cat-item-98\"><a href=\"https:\/\/psychiatrielernen.de\/index.php\/category\/behandlung\/medikamente\/psychopharmakotherapie\/antidementiva\/\">Antidementiva<\/a> (1)\n<\/li>\n\t<li class=\"cat-item cat-item-95\"><a href=\"https:\/\/psychiatrielernen.de\/index.php\/category\/behandlung\/medikamente\/psychopharmakotherapie\/antidepressiva\/\">Antidepressiva<\/a> (2)\n<\/li>\n\t<li class=\"cat-item cat-item-97\"><a href=\"https:\/\/psychiatrielernen.de\/index.php\/category\/behandlung\/medikamente\/psychopharmakotherapie\/antipsychotika\/\">Antipsychotika<\/a> (1)\n<\/li>\n\t\t<\/ul>\n<\/li>\n\t<\/ul>\n<\/li>\n\t<li class=\"cat-item cat-item-20\"><a href=\"https:\/\/psychiatrielernen.de\/index.php\/category\/behandlung\/praxisleitlinien\/\">Praxisleitlinien<\/a> (1)\n<\/li>\n\t<li class=\"cat-item cat-item-23\"><a href=\"https:\/\/psychiatrielernen.de\/index.php\/category\/behandlung\/psychotherapie\/\">Psychotherapie<\/a> (1)\n\t<ul class='children'>\n\t<li class=\"cat-item cat-item-26\"><a href=\"https:\/\/psychiatrielernen.de\/index.php\/category\/behandlung\/psychotherapie\/dbt\/\">DBT<\/a> (1)\n<\/li>\n\t<\/ul>\n<\/li>\n<\/ul>\n<\/li>\n\t<li class=\"cat-item cat-item-68\"><a href=\"https:\/\/psychiatrielernen.de\/index.php\/category\/leitsymptom\/\">Leitsymptom<\/a> (1)\n<ul class='children'>\n\t<li class=\"cat-item cat-item-70\"><a href=\"https:\/\/psychiatrielernen.de\/index.php\/category\/leitsymptom\/aphasie\/\">Aphasie<\/a> (1)\n<\/li>\n\t<li class=\"cat-item cat-item-71\"><a href=\"https:\/\/psychiatrielernen.de\/index.php\/category\/leitsymptom\/apraxie\/\">Apraxie<\/a> (1)\n<\/li>\n<\/ul>\n<\/li>\n\t<li class=\"cat-item cat-item-83\"><a href=\"https:\/\/psychiatrielernen.de\/index.php\/category\/psychischer-stoerungen\/\">Psychischer St\u00f6rungen<\/a> (6)\n<ul class='children'>\n\t<li class=\"cat-item cat-item-14\"><a href=\"https:\/\/psychiatrielernen.de\/index.php\/category\/psychischer-stoerungen\/klassifikation\/\">Klassifikation der Krankheitsbilder<\/a> (2)\n\t<ul class='children'>\n\t<li class=\"cat-item cat-item-28\"><a href=\"https:\/\/psychiatrielernen.de\/index.php\/category\/psychischer-stoerungen\/klassifikation\/icd\/\">ICD<\/a> (2)\n<\/li>\n\t<\/ul>\n<\/li>\n\t<li class=\"cat-item cat-item-85\"><a href=\"https:\/\/psychiatrielernen.de\/index.php\/category\/psychischer-stoerungen\/psychische-und-verhaltensstoerungen-durch-psychotrope-substanzen\/\">Psychische und Verhaltensst\u00f6rungen durch psychotrope Substanzen<\/a> (1)\n<\/li>\n\t<li class=\"cat-item cat-item-86\"><a href=\"https:\/\/psychiatrielernen.de\/index.php\/category\/psychischer-stoerungen\/schizophrenie-schizotype-und-wahnhafte-stoerungen\/\">Schizophrenie, schizotype und wahnhafte St\u00f6rungen<\/a> (1)\n<\/li>\n\t<li class=\"cat-item cat-item-93\"><a href=\"https:\/\/psychiatrielernen.de\/index.php\/category\/psychischer-stoerungen\/verhaltens-und-emotionale-stoerungen-mit-beginn-in-der-kindheit-und-jugend\/\">Verhaltens- und emotionale St\u00f6rungen mit Beginn in der Kindheit und Jugend<\/a> (1)\n<\/li>\n\t<li class=\"cat-item cat-item-89\"><a href=\"https:\/\/psychiatrielernen.de\/index.php\/category\/psychischer-stoerungen\/verhaltensauffaelligkeiten-mit-koerperlichen-stoerungen-und-faktoren\/\">Verhaltensauff\u00e4lligkeiten mit k\u00f6rperlichen St\u00f6rungen und Faktoren<\/a> (1)\n\t<ul class='children'>\n\t<li class=\"cat-item cat-item-121\"><a href=\"https:\/\/psychiatrielernen.de\/index.php\/category\/psychischer-stoerungen\/verhaltensauffaelligkeiten-mit-koerperlichen-stoerungen-und-faktoren\/nichtorganische-schlafstoerungen\/\">Nichtorganische Schlafst\u00f6rungen<\/a> (1)\n<\/li>\n\t<\/ul>\n<\/li>\n<\/ul>\n<\/li>\n\t<li class=\"cat-item cat-item-1\"><a href=\"https:\/\/psychiatrielernen.de\/index.php\/category\/uncategorized\/\">Uncategorized<\/a> (1)\n<\/li>\n<\/ul>","protected":false},"excerpt":{"rendered":"<p>Inhaltsverzeichnis<\/p>\n","protected":false},"author":1,"featured_media":0,"parent":0,"menu_order":0,"comment_status":"closed","ping_status":"closed","template":"","meta":{"footnotes":""},"class_list":["post-457","page","type-page","status-publish","hentry"],"yoast_head":"<!-- This site is optimized with the Yoast SEO plugin v27.1.1 - https:\/\/yoast.com\/product\/yoast-seo-wordpress\/ -->\n<title>Inhaltsverzeichnis - Psychiatrie Lernen<\/title>\n<meta name=\"robots\" content=\"index, follow, max-snippet:-1, max-image-preview:large, max-video-preview:-1\" \/>\n<link rel=\"canonical\" href=\"https:\/\/psychiatrielernen.de\/index.php\/inhaltsverzeichnis\/\" \/>\n<meta property=\"og:locale\" content=\"de_DE\" \/>\n<meta property=\"og:type\" content=\"article\" \/>\n<meta property=\"og:title\" content=\"Inhaltsverzeichnis - Psychiatrie Lernen\" \/>\n<meta property=\"og:description\" content=\"Inhaltsverzeichnis\" \/>\n<meta property=\"og:url\" content=\"https:\/\/psychiatrielernen.de\/index.php\/inhaltsverzeichnis\/\" \/>\n<meta property=\"og:site_name\" content=\"Psychiatrie Lernen\" \/>\n<meta name=\"twitter:card\" content=\"summary_large_image\" \/>\n<script type=\"application\/ld+json\" class=\"yoast-schema-graph\">{\"@context\":\"https:\/\/schema.org\",\"@graph\":[{\"@type\":\"WebPage\",\"@id\":\"https:\/\/psychiatrielernen.de\/index.php\/inhaltsverzeichnis\/\",\"url\":\"https:\/\/psychiatrielernen.de\/index.php\/inhaltsverzeichnis\/\",\"name\":\"Inhaltsverzeichnis - Psychiatrie Lernen\",\"isPartOf\":{\"@id\":\"https:\/\/psychiatrielernen.de\/#website\"},\"datePublished\":\"2022-07-03T17:48:27+00:00\",\"breadcrumb\":{\"@id\":\"https:\/\/psychiatrielernen.de\/index.php\/inhaltsverzeichnis\/#breadcrumb\"},\"inLanguage\":\"de\",\"potentialAction\":[{\"@type\":\"ReadAction\",\"target\":[\"https:\/\/psychiatrielernen.de\/index.php\/inhaltsverzeichnis\/\"]}]},{\"@type\":\"BreadcrumbList\",\"@id\":\"https:\/\/psychiatrielernen.de\/index.php\/inhaltsverzeichnis\/#breadcrumb\",\"itemListElement\":[{\"@type\":\"ListItem\",\"position\":1,\"name\":\"Startseite\",\"item\":\"https:\/\/psychiatrielernen.de\/\"},{\"@type\":\"ListItem\",\"position\":2,\"name\":\"Inhaltsverzeichnis\"}]},{\"@type\":\"WebSite\",\"@id\":\"https:\/\/psychiatrielernen.de\/#website\",\"url\":\"https:\/\/psychiatrielernen.de\/\",\"name\":\"Psychiatrie Lernen\",\"description\":\"\",\"publisher\":{\"@id\":\"https:\/\/psychiatrielernen.de\/#\/schema\/person\/a8ccfcc749cf5dda96cf84ec8485967e\"},\"potentialAction\":[{\"@type\":\"SearchAction\",\"target\":{\"@type\":\"EntryPoint\",\"urlTemplate\":\"https:\/\/psychiatrielernen.de\/?s={search_term_string}\"},\"query-input\":{\"@type\":\"PropertyValueSpecification\",\"valueRequired\":true,\"valueName\":\"search_term_string\"}}],\"inLanguage\":\"de\"},{\"@type\":[\"Person\",\"Organization\"],\"@id\":\"https:\/\/psychiatrielernen.de\/#\/schema\/person\/a8ccfcc749cf5dda96cf84ec8485967e\",\"name\":\"Tejas Ghetia\",\"image\":{\"@type\":\"ImageObject\",\"inLanguage\":\"de\",\"@id\":\"https:\/\/psychiatrielernen.de\/#\/schema\/person\/image\/\",\"url\":\"http:\/\/psychiatrielernen.de\/wp-content\/uploads\/2021\/01\/Copy-of-Psychiatrie-Lernen.png\",\"contentUrl\":\"http:\/\/psychiatrielernen.de\/wp-content\/uploads\/2021\/01\/Copy-of-Psychiatrie-Lernen.png\",\"width\":500,\"height\":500,\"caption\":\"Tejas Ghetia\"},\"logo\":{\"@id\":\"https:\/\/psychiatrielernen.de\/#\/schema\/person\/image\/\"},\"sameAs\":[\"http:\/\/psychiatrielernen.de\"]}]}<\/script>\n<!-- \/ Yoast SEO plugin. -->","yoast_head_json":{"title":"Inhaltsverzeichnis - Psychiatrie Lernen","robots":{"index":"index","follow":"follow","max-snippet":"max-snippet:-1","max-image-preview":"max-image-preview:large","max-video-preview":"max-video-preview:-1"},"canonical":"https:\/\/psychiatrielernen.de\/index.php\/inhaltsverzeichnis\/","og_locale":"de_DE","og_type":"article","og_title":"Inhaltsverzeichnis - Psychiatrie Lernen","og_description":"Inhaltsverzeichnis","og_url":"https:\/\/psychiatrielernen.de\/index.php\/inhaltsverzeichnis\/","og_site_name":"Psychiatrie Lernen","twitter_card":"summary_large_image","schema":{"@context":"https:\/\/schema.org","@graph":[{"@type":"WebPage","@id":"https:\/\/psychiatrielernen.de\/index.php\/inhaltsverzeichnis\/","url":"https:\/\/psychiatrielernen.de\/index.php\/inhaltsverzeichnis\/","name":"Inhaltsverzeichnis - Psychiatrie Lernen","isPartOf":{"@id":"https:\/\/psychiatrielernen.de\/#website"},"datePublished":"2022-07-03T17:48:27+00:00","breadcrumb":{"@id":"https:\/\/psychiatrielernen.de\/index.php\/inhaltsverzeichnis\/#breadcrumb"},"inLanguage":"de","potentialAction":[{"@type":"ReadAction","target":["https:\/\/psychiatrielernen.de\/index.php\/inhaltsverzeichnis\/"]}]},{"@type":"BreadcrumbList","@id":"https:\/\/psychiatrielernen.de\/index.php\/inhaltsverzeichnis\/#breadcrumb","itemListElement":[{"@type":"ListItem","position":1,"name":"Startseite","item":"https:\/\/psychiatrielernen.de\/"},{"@type":"ListItem","position":2,"name":"Inhaltsverzeichnis"}]},{"@type":"WebSite","@id":"https:\/\/psychiatrielernen.de\/#website","url":"https:\/\/psychiatrielernen.de\/","name":"Psychiatrie Lernen","description":"","publisher":{"@id":"https:\/\/psychiatrielernen.de\/#\/schema\/person\/a8ccfcc749cf5dda96cf84ec8485967e"},"potentialAction":[{"@type":"SearchAction","target":{"@type":"EntryPoint","urlTemplate":"https:\/\/psychiatrielernen.de\/?s={search_term_string}"},"query-input":{"@type":"PropertyValueSpecification","valueRequired":true,"valueName":"search_term_string"}}],"inLanguage":"de"},{"@type":["Person","Organization"],"@id":"https:\/\/psychiatrielernen.de\/#\/schema\/person\/a8ccfcc749cf5dda96cf84ec8485967e","name":"Tejas Ghetia","image":{"@type":"ImageObject","inLanguage":"de","@id":"https:\/\/psychiatrielernen.de\/#\/schema\/person\/image\/","url":"http:\/\/psychiatrielernen.de\/wp-content\/uploads\/2021\/01\/Copy-of-Psychiatrie-Lernen.png","contentUrl":"http:\/\/psychiatrielernen.de\/wp-content\/uploads\/2021\/01\/Copy-of-Psychiatrie-Lernen.png","width":500,"height":500,"caption":"Tejas Ghetia"},"logo":{"@id":"https:\/\/psychiatrielernen.de\/#\/schema\/person\/image\/"},"sameAs":["http:\/\/psychiatrielernen.de"]}]}},"_hostinger_reach_plugin_has_subscription_block":false,"_hostinger_reach_plugin_is_elementor":false,"jetpack-related-posts":[],"jetpack_sharing_enabled":true,"_links":{"self":[{"href":"https:\/\/psychiatrielernen.de\/index.php\/wp-json\/wp\/v2\/pages\/457","targetHints":{"allow":["GET"]}}],"collection":[{"href":"https:\/\/psychiatrielernen.de\/index.php\/wp-json\/wp\/v2\/pages"}],"about":[{"href":"https:\/\/psychiatrielernen.de\/index.php\/wp-json\/wp\/v2\/types\/page"}],"author":[{"embeddable":true,"href":"https:\/\/psychiatrielernen.de\/index.php\/wp-json\/wp\/v2\/users\/1"}],"replies":[{"embeddable":true,"href":"https:\/\/psychiatrielernen.de\/index.php\/wp-json\/wp\/v2\/comments?post=457"}],"version-history":[{"count":2,"href":"https:\/\/psychiatrielernen.de\/index.php\/wp-json\/wp\/v2\/pages\/457\/revisions"}],"predecessor-version":[{"id":459,"href":"https:\/\/psychiatrielernen.de\/index.php\/wp-json\/wp\/v2\/pages\/457\/revisions\/459"}],"wp:attachment":[{"href":"https:\/\/psychiatrielernen.de\/index.php\/wp-json\/wp\/v2\/media?parent=457"}],"curies":[{"name":"wp","href":"https:\/\/api.w.org\/{rel}","templated":true}]}}